{"id":7751,"date":"2026-02-10T16:35:47","date_gmt":"2026-02-10T15:35:47","guid":{"rendered":"https:\/\/lefrancophile.com\/?page_id=7751"},"modified":"2026-02-10T16:35:47","modified_gmt":"2026-02-10T15:35:47","slug":"cgu","status":"publish","type":"page","link":"https:\/\/lefrancophile.com\/fr\/cgu\/","title":{"rendered":"CGU"},"content":{"rendered":"<h1>LEFRANCOPHILE CGU<\/h1>\n<p>Bienvenue sur notre site web. Si vous continuez \u00e0 naviguer et \u00e0 utiliser ce site web, vous acceptez de respecter et d&#8217;\u00eatre li\u00e9 par les conditions g\u00e9n\u00e9rales d&#8217;utilisation suivantes, qui, avec notre politique de confidentialit\u00e9, r\u00e9gissent les relations entre Lefrancophile et vous en ce qui concerne ce site web. Si vous n&#8217;\u00eates pas d&#8217;accord avec une partie de ces termes et conditions, veuillez ne pas utiliser notre site web.<\/p>\n<ul>\n<li>Le terme \"Lefrancophile\" ou \"nous\" d\u00e9signe le propri\u00e9taire du site web. Le terme \"vous\" d\u00e9signe l&#8217;utilisateur ou le spectateur de notre site web.<\/li>\n<li>L&#8217;utilisation de ce site web est soumise aux conditions d&#8217;utilisation suivantes :<\/li>\n<li>Le contenu des pages de ce site web est destin\u00e9 \u00e0 votre information et \u00e0 votre utilisation g\u00e9n\u00e9rales uniquement. Il peut \u00eatre modifi\u00e9 sans pr\u00e9avis.<\/li>\n<li>Ce site web utilise des cookies pour surveiller les pr\u00e9f\u00e9rences de navigation.<\/li>\n<li>Ni nous ni aucun tiers ne fournissons de garantie quant \u00e0 l&#8217;exactitude, l&#8217;actualit\u00e9, la performance, l&#8217;exhaustivit\u00e9 ou l&#8217;ad\u00e9quation des informations et du mat\u00e9riel trouv\u00e9s ou propos\u00e9s sur ce site web \u00e0 une fin particuli\u00e8re. Vous reconnaissez que ces informations et mat\u00e9riaux peuvent contenir des inexactitudes ou des erreurs et nous excluons express\u00e9ment toute responsabilit\u00e9 pour de telles inexactitudes ou erreurs dans toute la mesure permise par la loi.<\/li>\n<li>L&#8217;utilisation d&#8217;informations ou de documents sur ce site web se fait enti\u00e8rement \u00e0 vos risques et p\u00e9rils, et nous n&#8217;en sommes pas responsables. Il vous incombe de vous assurer que les produits, services ou informations disponibles sur ce site r\u00e9pondent \u00e0 vos besoins sp\u00e9cifiques.<\/li>\n<li>Ce site web contient du mat\u00e9riel qui nous appartient ou dont nous avons la licence. Ce mat\u00e9riel comprend, sans s&#8217;y limiter, la conception, la mise en page, l&#8217;aspect, l&#8217;apparence et les graphiques. La reproduction est interdite, sauf en conformit\u00e9 avec l&#8217;avis de droit d&#8217;auteur, qui fait partie des pr\u00e9sentes conditions g\u00e9n\u00e9rales.<\/li>\n<li>Toutes les marques reproduites sur ce site web, qui ne sont pas la propri\u00e9t\u00e9 de l&#8217;op\u00e9rateur ou qui ne lui sont pas conc\u00e9d\u00e9es sous licence, sont reconnues sur le site web.<\/li>\n<li>L&#8217;utilisation non autoris\u00e9e de ce site web peut donner lieu \u00e0 une demande de dommages-int\u00e9r\u00eats et\/ou constituer une infraction p\u00e9nale.<\/li>\n<li>De temps \u00e0 autre, ce site web peut \u00e9galement inclure des liens vers d&#8217;autres sites web. Ces liens sont fournis pour votre commodit\u00e9 afin de vous donner de plus amples informations. Ils ne signifient pas que nous approuvons le(s) site(s) web. Nous ne sommes pas responsables du contenu de ces sites.<\/li>\n<li>Votre utilisation de ce site web et tout litige d\u00e9coulant de cette utilisation sont soumis aux lois de l&#8217;Angleterre, de l&#8217;Irlande du Nord, de l&#8217;\u00c9cosse et du Pays de Galles.<\/li>\n<\/ul>\n","protected":false},"excerpt":{"rendered":"<p>LEFRANCOPHILE CGU Bienvenue sur notre site web. Si vous continuez \u00e0 naviguer et \u00e0 utiliser ce site web, vous acceptez de respecter et d&#8217;\u00eatre li\u00e9 par les conditions g\u00e9n\u00e9rales d&#8217;utilisation suivantes, qui, avec notre politique de confidentialit\u00e9, r\u00e9gissent les relations entre Lefrancophile et vous en ce qui concerne ce site web. Si vous n&#8217;\u00eates pas [&hellip;]<\/p>\n","protected":false},"author":24,"featured_media":0,"parent":0,"menu_order":0,"comment_status":"closed","ping_status":"closed","template":"","meta":{"inline_featured_image":false,"footnotes":""},"class_list":["post-7751","page","type-page","status-publish"],"aioseo_notices":[],"_links":{"self":[{"href":"https:\/\/lefrancophile.com\/fr\/wp-json\/wp\/v2\/pages\/7751","targetHints":{"allow":["GET"]}}],"collection":[{"href":"https:\/\/lefrancophile.com\/fr\/wp-json\/wp\/v2\/pages"}],"about":[{"href":"https:\/\/lefrancophile.com\/fr\/wp-json\/wp\/v2\/types\/page"}],"author":[{"embeddable":true,"href":"https:\/\/lefrancophile.com\/fr\/wp-json\/wp\/v2\/users\/24"}],"replies":[{"embeddable":true,"href":"https:\/\/lefrancophile.com\/fr\/wp-json\/wp\/v2\/comments?post=7751"}],"version-history":[{"count":1,"href":"https:\/\/lefrancophile.com\/fr\/wp-json\/wp\/v2\/pages\/7751\/revisions"}],"predecessor-version":[{"id":20197,"href":"https:\/\/lefrancophile.com\/fr\/wp-json\/wp\/v2\/pages\/7751\/revisions\/20197"}],"wp:attachment":[{"href":"https:\/\/lefrancophile.com\/fr\/wp-json\/wp\/v2\/media?parent=7751"}],"curies":[{"name":"wp","href":"https:\/\/api.w.org\/{rel}","templated":true}]}}