{"id":20140,"date":"2026-02-09T23:49:16","date_gmt":"2026-02-09T22:49:16","guid":{"rendered":"https:\/\/lefrancophile.com\/destinations-2\/"},"modified":"2026-02-11T15:26:17","modified_gmt":"2026-02-11T14:26:17","slug":"destinations","status":"publish","type":"page","link":"https:\/\/lefrancophile.com\/fr\/destinations\/","title":{"rendered":"DESTINATIONS"},"content":{"rendered":"<div id=\"tdi_1\" class=\"tdc-zone\"><div class=\"tdc_zone tdi_2  wpb_row td-pb-row\"  >\n<style scoped>\n\/* custom css - generated by TagDiv Composer *\/\n\n\/* custom css - generated by TagDiv Composer *\/\n.tdi_2{\r\n                    min-height: 0;\r\n                }\n<\/style><div id=\"tdi_3\" class=\"tdc-row\"><div class=\"vc_row tdi_4  wpb_row td-pb-row\" >\n<style scoped>\n\/* custom css - generated by TagDiv Composer *\/\n\n\/* custom css - generated by TagDiv Composer *\/\n.tdi_4,\r\n                .tdi_4 .tdc-columns{\r\n                    min-height: 0;\r\n                }.tdi_4,\r\n\t\t\t\t.tdi_4 .tdc-columns{\r\n\t\t\t\t    display: block;\r\n\t\t\t\t}.tdi_4 .tdc-columns{\r\n\t\t\t\t    width: 100%;\r\n\t\t\t\t}.tdi_4:before,\r\n\t\t\t\t.tdi_4:after{\r\n\t\t\t\t    display: table;\r\n\t\t\t\t}\n<\/style><div class=\"vc_column tdi_6  wpb_column vc_column_container tdc-column td-pb-span12\">\n<style scoped>\n\/* custom css - generated by TagDiv Composer *\/\n\n\/* custom css - generated by TagDiv Composer *\/\n.tdi_6{\r\n                    vertical-align: baseline;\r\n                }.tdi_6 > .wpb_wrapper,\r\n\t\t\t\t.tdi_6 > .wpb_wrapper > .tdc-elements{\r\n\t\t\t\t    display: block;\r\n\t\t\t\t}.tdi_6 > .wpb_wrapper > .tdc-elements{\r\n\t\t\t\t    width: 100%;\r\n\t\t\t\t}.tdi_6 > .wpb_wrapper > .vc_row_inner{\r\n\t\t\t\t    width: auto;\r\n\t\t\t\t}.tdi_6 > .wpb_wrapper{\r\n\t\t\t\t    width: auto;\r\n\t\t\t\t    height: auto;\r\n\t\t\t\t}\n<\/style><div class=\"wpb_wrapper\" ><div class=\"wpb_wrapper td_block_empty_space td_block_wrap vc_empty_space tdi_8 \"  style=\"height: 32px\"><\/div><\/div><\/div><\/div><\/div><div id=\"tdi_9\" class=\"tdc-row\"><div class=\"vc_row tdi_10  wpb_row td-pb-row\" >\n<style scoped>\n\/* custom css - generated by TagDiv Composer *\/\n\n\/* custom css - generated by TagDiv Composer *\/\n.tdi_10,\r\n                .tdi_10 .tdc-columns{\r\n                    min-height: 0;\r\n                }.tdi_10,\r\n\t\t\t\t.tdi_10 .tdc-columns{\r\n\t\t\t\t    display: block;\r\n\t\t\t\t}.tdi_10 .tdc-columns{\r\n\t\t\t\t    width: 100%;\r\n\t\t\t\t}.tdi_10:before,\r\n\t\t\t\t.tdi_10:after{\r\n\t\t\t\t    display: table;\r\n\t\t\t\t}\n<\/style><div class=\"vc_column tdi_12  wpb_column vc_column_container tdc-column td-pb-span12\">\n<style scoped>\n\/* custom css - generated by TagDiv Composer *\/\n\n\/* custom css - generated by TagDiv Composer *\/\n.tdi_12{\r\n                    vertical-align: baseline;\r\n                }.tdi_12 > .wpb_wrapper,\r\n\t\t\t\t.tdi_12 > .wpb_wrapper > .tdc-elements{\r\n\t\t\t\t    display: block;\r\n\t\t\t\t}.tdi_12 > .wpb_wrapper > .tdc-elements{\r\n\t\t\t\t    width: 100%;\r\n\t\t\t\t}.tdi_12 > .wpb_wrapper > .vc_row_inner{\r\n\t\t\t\t    width: auto;\r\n\t\t\t\t}.tdi_12 > .wpb_wrapper{\r\n\t\t\t\t    width: auto;\r\n\t\t\t\t    height: auto;\r\n\t\t\t\t}\n<\/style><div class=\"wpb_wrapper\" ><div class=\"wpb_wrapper td_block_wrap vc_raw_html tdi_14 \"><div class=\"td-fix-index\"><div style=\"text-align: center; margin-top: 40px; margin-bottom: 40px; padding: 0 20px;\">\r\n  \r\n  <h1 style=\"font-family: 'Playfair Display', serif; font-size: 36px; color: #222; margin-bottom: 10px; text-transform: uppercase; letter-spacing: 1px;\">\r\n    Destination France\r\n  <\/h1>\r\n\r\n  <p style=\"font-family: inherit; font-size: 20px; color: #b01818; font-style: italic; margin-bottom: 25px;\">\r\n    La premi\u00e8re destination touristique mondiale au c\u0153ur de votre voyage.\r\n  <\/p>\r\n\r\n  <p style=\"font-family: inherit; font-size: 18px; color: #444; line-height: 1.8; max-width: 850px; margin: 0 auto; text-align: justify;\">\r\n    Le guide <strong>Destination France<\/strong> par Le Francophile vous invite \u00e0 explorer la richesse des r\u00e9gions fran\u00e7aises. Des c\u00f4tes sauvages de la <strong>Bretagne<\/strong> aux champs de lavande de <strong>Provence<\/strong> ; des sommets des <strong>Vosges<\/strong> en Alsace jusqu'aux parcs ostr\u00e9icoles de la <strong>Charente-Maritime<\/strong>, nous accompagnons les visiteurs et passionn\u00e9s dans leur d\u00e9couverte de la culture, du patrimoine, de la g\u00e9ographie et de la gastronomie fran\u00e7aise. Tout est r\u00e9uni pour vous faire go\u00fbter \u00e0 <em>l'art de vivre \u00e0 la fran\u00e7aise<\/em> et comprendre pourquoi la France demeure le pays le plus visit\u00e9 au monde.\r\n  <\/p>\r\n  \r\n<\/div><\/div><\/div><\/div><\/div><\/div><\/div><div id=\"tdi_15\" class=\"tdc-row\"><div class=\"vc_row tdi_16  wpb_row td-pb-row\" >\n<style scoped>\n\/* custom css - generated by TagDiv Composer *\/\n\n\/* custom css - generated by TagDiv Composer *\/\n.tdi_16,\r\n                .tdi_16 .tdc-columns{\r\n                    min-height: 0;\r\n                }.tdi_16,\r\n\t\t\t\t.tdi_16 .tdc-columns{\r\n\t\t\t\t    display: block;\r\n\t\t\t\t}.tdi_16 .tdc-columns{\r\n\t\t\t\t    width: 100%;\r\n\t\t\t\t}.tdi_16:before,\r\n\t\t\t\t.tdi_16:after{\r\n\t\t\t\t    display: table;\r\n\t\t\t\t}\n<\/style><div class=\"vc_column tdi_18  wpb_column vc_column_container tdc-column td-pb-span12\">\n<style scoped>\n\/* custom css - generated by TagDiv Composer *\/\n\n\/* custom css - generated by TagDiv Composer *\/\n.tdi_18{\r\n                    vertical-align: baseline;\r\n                }.tdi_18 > .wpb_wrapper,\r\n\t\t\t\t.tdi_18 > .wpb_wrapper > .tdc-elements{\r\n\t\t\t\t    display: block;\r\n\t\t\t\t}.tdi_18 > .wpb_wrapper > .tdc-elements{\r\n\t\t\t\t    width: 100%;\r\n\t\t\t\t}.tdi_18 > .wpb_wrapper > .vc_row_inner{\r\n\t\t\t\t    width: auto;\r\n\t\t\t\t}.tdi_18 > .wpb_wrapper{\r\n\t\t\t\t    width: auto;\r\n\t\t\t\t    height: auto;\r\n\t\t\t\t}\n<\/style><div class=\"wpb_wrapper\" ><div class=\"wpb_wrapper td_block_wrap vc_raw_html tdi_20 \"><div class=\"td-fix-index\"><div style=\"max-width: 850px; margin: 0 auto; padding: 20px; font-family: inherit; line-height: 1.8; color: #444;\">\r\n  \r\n  <h2 style=\"font-size: 26px; color: #222; border-bottom: 2px solid #b01818; padding-bottom: 10px; margin-bottom: 20px;\">\r\n    Les R\u00e9gions de France\r\n  <\/h2>\r\n\r\n  <p style=\"font-size: 17px; margin-bottom: 15px;\">\r\n    La France est divis\u00e9e en <strong>18 r\u00e9gions administratives<\/strong>. Treize d'entre elles se situent en <strong>France m\u00e9tropolitaine<\/strong> (l'Hexagone et la Corse). Les cinq autres r\u00e9gions se trouvent au-del\u00e0 des mers : c'est la <strong>France d'outre-mer<\/strong>, \u00e9galement appel\u00e9e les Outre-mer ou les Ultramarins.\r\n  <\/p>\r\n\r\n  <p style=\"font-size: 17px; margin-bottom: 15px;\">\r\n    Au-del\u00e0 des r\u00e9gions, le territoire est subdivis\u00e9 en <strong>101 d\u00e9partements<\/strong> :\r\n  <\/p>\r\n\r\n  <ul style=\"list-style-type: none; padding-left: 0; font-size: 17px;\">\r\n    <li style=\"margin-bottom: 8px;\">\ud83d\udccd <strong>96 d\u00e9partements m\u00e9tropolitains<\/strong>, num\u00e9rot\u00e9s de 1 \u00e0 95, avec la Corse divis\u00e9e en 2A et 2B.<\/li>\r\n    <li style=\"margin-bottom: 8px;\">\ud83d\udccd <strong>5 d\u00e9partements d'outre-mer<\/strong> (qui sont aussi des r\u00e9gions) : la Guadeloupe (971), la Martinique (972), la Guyane (973), la R\u00e9union (974) et Mayotte (976).<\/li>\r\n  <\/ul>\r\n\r\n<\/div><\/div><\/div><\/div><\/div><\/div><\/div><div id=\"tdi_21\" class=\"tdc-row\"><div class=\"vc_row tdi_22  wpb_row td-pb-row\" >\n<style scoped>\n\/* custom css - generated by TagDiv Composer *\/\n\n\/* custom css - generated by TagDiv Composer *\/\n.tdi_22,\r\n                .tdi_22 .tdc-columns{\r\n                    min-height: 0;\r\n                }.tdi_22,\r\n\t\t\t\t.tdi_22 .tdc-columns{\r\n\t\t\t\t    display: block;\r\n\t\t\t\t}.tdi_22 .tdc-columns{\r\n\t\t\t\t    width: 100%;\r\n\t\t\t\t}.tdi_22:before,\r\n\t\t\t\t.tdi_22:after{\r\n\t\t\t\t    display: table;\r\n\t\t\t\t}\n<\/style><div class=\"vc_column tdi_24  wpb_column vc_column_container tdc-column td-pb-span12\">\n<style scoped>\n\/* custom css - generated by TagDiv Composer *\/\n\n\/* custom css - generated by TagDiv Composer *\/\n.tdi_24{\r\n                    vertical-align: baseline;\r\n                }.tdi_24 > .wpb_wrapper,\r\n\t\t\t\t.tdi_24 > .wpb_wrapper > .tdc-elements{\r\n\t\t\t\t    display: block;\r\n\t\t\t\t}.tdi_24 > .wpb_wrapper > .tdc-elements{\r\n\t\t\t\t    width: 100%;\r\n\t\t\t\t}.tdi_24 > .wpb_wrapper > .vc_row_inner{\r\n\t\t\t\t    width: auto;\r\n\t\t\t\t}.tdi_24 > .wpb_wrapper{\r\n\t\t\t\t    width: auto;\r\n\t\t\t\t    height: auto;\r\n\t\t\t\t}\n<\/style><div class=\"wpb_wrapper\" ><div class=\"wpb_wrapper td_block_wrap vc_raw_html tdi_26 \"><div class=\"td-fix-index\"><div style=\"max-width: 850px; margin: 20px auto; font-family: inherit;\">\r\n  <h3 style=\"color: #222; font-size: 22px; margin-bottom: 15px;\">Les 18 R\u00e9gions et leurs Pr\u00e9fectures<\/h3>\r\n  \r\n  <div style=\"overflow-x: auto;\">\r\n    <table style=\"width: 100%; border-collapse: collapse; text-align: left; font-size: 16px; color: #444;\">\r\n      <thead>\r\n        <tr style=\"background-color: #b01818; color: white;\">\r\n          <th style=\"padding: 12px; border: 1px solid #ddd;\">R\u00e9gion<\/th>\r\n          <th style=\"padding: 12px; border: 1px solid #ddd;\">Chef-lieu (Pr\u00e9fecture)<\/th>\r\n        <\/tr>\r\n      <\/thead>\r\n      <tbody>\r\n        <tr><td style=\"padding: 10px; border: 1px solid #ddd;\">Auvergne-Rh\u00f4ne-Alpes<\/td><td style=\"padding: 10px; border: 1px solid #ddd;\">Lyon<\/td><\/tr>\r\n        <tr style=\"background-color: #f9f9f9;\"><td style=\"padding: 10px; border: 1px solid #ddd;\">Bourgogne-Franche-Comt\u00e9<\/td><td style=\"padding: 10px; border: 1px solid #ddd;\">Dijon<\/td><\/tr>\r\n        <tr><td style=\"padding: 10px; border: 1px solid #ddd;\">Bretagne<\/td><td style=\"padding: 10px; border: 1px solid #ddd;\">Rennes<\/td><\/tr>\r\n        <tr style=\"background-color: #f9f9f9;\"><td style=\"padding: 10px; border: 1px solid #ddd;\">Centre-Val de Loire<\/td><td style=\"padding: 10px; border: 1px solid #ddd;\">Orl\u00e9ans<\/td><\/tr>\r\n        <tr><td style=\"padding: 10px; border: 1px solid #ddd;\">Corse<\/td><td style=\"padding: 10px; border: 1px solid #ddd;\">Ajaccio<\/td><\/tr>\r\n        <tr style=\"background-color: #f9f9f9;\"><td style=\"padding: 10px; border: 1px solid #ddd;\">Grand Est<\/td><td style=\"padding: 10px; border: 1px solid #ddd;\">Strasbourg<\/td><\/tr>\r\n        <tr><td style=\"padding: 10px; border: 1px solid #ddd;\">Hauts-de-France<\/td><td style=\"padding: 10px; border: 1px solid #ddd;\">Lille<\/td><\/tr>\r\n        <tr style=\"background-color: #f9f9f9;\"><td style=\"padding: 10px; border: 1px solid #ddd;\">\u00cele-de-France<\/td><td style=\"padding: 10px; border: 1px solid #ddd;\">Paris<\/td><\/tr>\r\n        <tr><td style=\"padding: 10px; border: 1px solid #ddd;\">Normandie<\/td><td style=\"padding: 10px; border: 1px solid #ddd;\">Rouen<\/td><\/tr>\r\n        <tr style=\"background-color: #f9f9f9;\"><td style=\"padding: 10px; border: 1px solid #ddd;\">Nouvelle-Aquitaine<\/td><td style=\"padding: 10px; border: 1px solid #ddd;\">Bordeaux<\/td><\/tr>\r\n        <tr><td style=\"padding: 10px; border: 1px solid #ddd;\">Occitanie<\/td><td style=\"padding: 10px; border: 1px solid #ddd;\">Toulouse<\/td><\/tr>\r\n        <tr style=\"background-color: #f9f9f9;\"><td style=\"padding: 10px; border: 1px solid #ddd;\">Pays de la Loire<\/td><td style=\"padding: 10px; border: 1px solid #ddd;\">Nantes<\/td><\/tr>\r\n        <tr><td style=\"padding: 10px; border: 1px solid #ddd;\">Provence-Alpes-C\u00f4te d'Azur<\/td><td style=\"padding: 10px; border: 1px solid #ddd;\">Marseille<\/td><\/tr>\r\n        <tr style=\"background-color: #eef4f8;\"><td colspan=\"2\" style=\"padding: 10px; border: 1px solid #ddd; font-weight: bold; text-align: center;\">R\u00e9gions d'Outre-mer<\/td><\/tr>\r\n        <tr><td style=\"padding: 10px; border: 1px solid #ddd;\">Guadeloupe<\/td><td style=\"padding: 10px; border: 1px solid #ddd;\">Basse-Terre<\/td><\/tr>\r\n        <tr style=\"background-color: #f9f9f9;\"><td style=\"padding: 10px; border: 1px solid #ddd;\">Guyane<\/td><td style=\"padding: 10px; border: 1px solid #ddd;\">Cayenne<\/td><\/tr>\r\n        <tr><td style=\"padding: 10px; border: 1px solid #ddd;\">La R\u00e9union<\/td><td style=\"padding: 10px; border: 1px solid #ddd;\">Saint-Denis<\/td><\/tr>\r\n        <tr style=\"background-color: #f9f9f9;\"><td style=\"padding: 10px; border: 1px solid #ddd;\">Martinique<\/td><td style=\"padding: 10px; border: 1px solid #ddd;\">Fort-de-France<\/td><\/tr>\r\n        <tr><td style=\"padding: 10px; border: 1px solid #ddd;\">Mayotte<\/td><td style=\"padding: 10px; border: 1px solid #ddd;\">Mamoudzou<\/td><\/tr>\r\n      <\/tbody>\r\n    <\/table>\r\n  <\/div>\r\n<\/div><\/div><\/div><\/div><\/div><\/div><\/div><div id=\"tdi_27\" class=\"tdc-row\"><div class=\"vc_row tdi_28  wpb_row td-pb-row\" >\n<style scoped>\n\/* custom css - generated by TagDiv Composer *\/\n\n\/* custom css - generated by TagDiv Composer *\/\n.tdi_28,\r\n                .tdi_28 .tdc-columns{\r\n                    min-height: 0;\r\n                }.tdi_28,\r\n\t\t\t\t.tdi_28 .tdc-columns{\r\n\t\t\t\t    display: block;\r\n\t\t\t\t}.tdi_28 .tdc-columns{\r\n\t\t\t\t    width: 100%;\r\n\t\t\t\t}.tdi_28:before,\r\n\t\t\t\t.tdi_28:after{\r\n\t\t\t\t    display: table;\r\n\t\t\t\t}\n<\/style><div class=\"vc_column tdi_30  wpb_column vc_column_container tdc-column td-pb-span12\">\n<style scoped>\n\/* custom css - generated by TagDiv Composer *\/\n\n\/* custom css - generated by TagDiv Composer *\/\n.tdi_30{\r\n                    vertical-align: baseline;\r\n                }.tdi_30 > .wpb_wrapper,\r\n\t\t\t\t.tdi_30 > .wpb_wrapper > .tdc-elements{\r\n\t\t\t\t    display: block;\r\n\t\t\t\t}.tdi_30 > .wpb_wrapper > .tdc-elements{\r\n\t\t\t\t    width: 100%;\r\n\t\t\t\t}.tdi_30 > .wpb_wrapper > .vc_row_inner{\r\n\t\t\t\t    width: auto;\r\n\t\t\t\t}.tdi_30 > .wpb_wrapper{\r\n\t\t\t\t    width: auto;\r\n\t\t\t\t    height: auto;\r\n\t\t\t\t}\n<\/style><div class=\"wpb_wrapper\" ><div class=\"wpb_wrapper td_block_wrap vc_raw_html tdi_32 \"><div class=\"td-fix-index\"><div style=\"max-width: 850px; margin: 30px auto; padding: 25px; background-color: #fcfcfc; border-left: 5px solid #b01818; font-family: inherit;\">\r\n  \r\n  <h3 style=\"color: #b01818; margin-top: 0; font-size: 22px;\">Le saviez-vous ?<\/h3>\r\n  \r\n  <p style=\"font-size: 17px; line-height: 1.7; color: #333; margin-bottom: 15px;\">\r\n    <strong>La r\u00e9forme territoriale de 2016 :<\/strong> Jusqu'au 1er janvier 2016, la France m\u00e9tropolitaine comptait <strong>22 r\u00e9gions<\/strong>. Afin de simplifier l'administration et de renforcer leur poids \u00e9conomique, plusieurs r\u00e9gions ont fusionn\u00e9 pour passer au nombre actuel de 13.\r\n  <\/p>\r\n  \r\n  <p style=\"font-size: 17px; line-height: 1.7; color: #333;\">\r\n    Par exemple, la <em>Nouvelle-Aquitaine<\/em> est n\u00e9e de la fusion de l'Aquitaine, du Limousin et du Poitou-Charentes, devenant ainsi la plus vaste r\u00e9gion de France par sa superficie. Ces changements font d\u00e9sormais partie int\u00e9grante de l'identit\u00e9 moderne de <strong>l'Hexagone<\/strong>.\r\n  <\/p>\r\n\r\n<\/div><\/div><\/div><\/div><\/div><\/div><\/div><div id=\"tdi_33\" class=\"tdc-row\"><div class=\"vc_row tdi_34  wpb_row td-pb-row\" >\n<style scoped>\n\/* custom css - generated by TagDiv Composer *\/\n\n\/* custom css - generated by TagDiv Composer *\/\n.tdi_34,\r\n                .tdi_34 .tdc-columns{\r\n                    min-height: 0;\r\n                }.tdi_34,\r\n\t\t\t\t.tdi_34 .tdc-columns{\r\n\t\t\t\t    display: block;\r\n\t\t\t\t}.tdi_34 .tdc-columns{\r\n\t\t\t\t    width: 100%;\r\n\t\t\t\t}.tdi_34:before,\r\n\t\t\t\t.tdi_34:after{\r\n\t\t\t\t    display: table;\r\n\t\t\t\t}\n<\/style><div class=\"vc_column tdi_36  wpb_column vc_column_container tdc-column td-pb-span12\">\n<style scoped>\n\/* custom css - generated by TagDiv Composer *\/\n\n\/* custom css - generated by TagDiv Composer *\/\n.tdi_36{\r\n                    vertical-align: baseline;\r\n                }.tdi_36 > .wpb_wrapper,\r\n\t\t\t\t.tdi_36 > .wpb_wrapper > .tdc-elements{\r\n\t\t\t\t    display: block;\r\n\t\t\t\t}.tdi_36 > .wpb_wrapper > .tdc-elements{\r\n\t\t\t\t    width: 100%;\r\n\t\t\t\t}.tdi_36 > .wpb_wrapper > .vc_row_inner{\r\n\t\t\t\t    width: auto;\r\n\t\t\t\t}.tdi_36 > .wpb_wrapper{\r\n\t\t\t\t    width: auto;\r\n\t\t\t\t    height: auto;\r\n\t\t\t\t}\n<\/style><div class=\"wpb_wrapper\" ><div class=\"wpb_wrapper td_block_wrap vc_raw_html tdi_38 \"><div class=\"td-fix-index\"><div style=\"max-width: 850px; margin: 50px auto; padding: 40px 20px; text-align: center; border-top: 1px solid #eee;\">\r\n  \r\n  <h2 style=\"font-family: 'Playfair Display', serif; font-size: 28px; color: #222; margin-bottom: 15px;\">\r\n    Pr\u00eat \u00e0 explorer l'Hexagone ?\r\n  <\/h2>\r\n  \r\n  <p style=\"font-size: 18px; color: #555; line-height: 1.6; margin-bottom: 30px; max-width: 600px; margin-left: auto; margin-right: auto;\">\r\n    Chaque r\u00e9gion a son secret, chaque village a son histoire. Parcourez nos guides d\u00e9taill\u00e9s pour planifier votre prochaine escapade fran\u00e7aise.\r\n  <\/p>\r\n  \r\n  <a href=\"#votre-lien-vers-les-articles\" style=\"display: inline-block; padding: 15px 35px; background-color: #b01818; color: #ffffff; text-decoration: none; font-weight: bold; font-size: 16px; border-radius: 2px; transition: background-color 0.3s ease;\">\r\n    D\u00c9COUVRIR NOS GUIDES R\u00c9GIONAUX\r\n  <\/a>\r\n\r\n<\/div><\/div><\/div><\/div><\/div><\/div><\/div><div id=\"tdi_39\" class=\"tdc-row\"><div class=\"vc_row tdi_40  wpb_row td-pb-row\" >\n<style scoped>\n\/* custom css - generated by TagDiv Composer *\/\n\n\/* custom css - generated by TagDiv Composer *\/\n.tdi_40,\r\n                .tdi_40 .tdc-columns{\r\n                    min-height: 0;\r\n                }.tdi_40,\r\n\t\t\t\t.tdi_40 .tdc-columns{\r\n\t\t\t\t    display: block;\r\n\t\t\t\t}.tdi_40 .tdc-columns{\r\n\t\t\t\t    width: 100%;\r\n\t\t\t\t}.tdi_40:before,\r\n\t\t\t\t.tdi_40:after{\r\n\t\t\t\t    display: table;\r\n\t\t\t\t}\n<\/style><div class=\"vc_column tdi_42  wpb_column vc_column_container tdc-column td-pb-span12\">\n<style scoped>\n\/* custom css - generated by TagDiv Composer *\/\n\n\/* custom css - generated by TagDiv Composer *\/\n.tdi_42{\r\n                    vertical-align: baseline;\r\n                }.tdi_42 > .wpb_wrapper,\r\n\t\t\t\t.tdi_42 > .wpb_wrapper > .tdc-elements{\r\n\t\t\t\t    display: block;\r\n\t\t\t\t}.tdi_42 > .wpb_wrapper > .tdc-elements{\r\n\t\t\t\t    width: 100%;\r\n\t\t\t\t}.tdi_42 > .wpb_wrapper > .vc_row_inner{\r\n\t\t\t\t    width: auto;\r\n\t\t\t\t}.tdi_42 > .wpb_wrapper{\r\n\t\t\t\t    width: auto;\r\n\t\t\t\t    height: auto;\r\n\t\t\t\t}\n<\/style><div class=\"wpb_wrapper\" ><\/div><\/div><\/div><\/div><\/div><\/div>","protected":false},"excerpt":{"rendered":"","protected":false},"author":24,"featured_media":0,"parent":0,"menu_order":0,"comment_status":"closed","ping_status":"closed","template":"","meta":{"inline_featured_image":false,"footnotes":""},"class_list":["post-20140","page","type-page","status-publish"],"aioseo_notices":[],"_links":{"self":[{"href":"https:\/\/lefrancophile.com\/fr\/wp-json\/wp\/v2\/pages\/20140","targetHints":{"allow":["GET"]}}],"collection":[{"href":"https:\/\/lefrancophile.com\/fr\/wp-json\/wp\/v2\/pages"}],"about":[{"href":"https:\/\/lefrancophile.com\/fr\/wp-json\/wp\/v2\/types\/page"}],"author":[{"embeddable":true,"href":"https:\/\/lefrancophile.com\/fr\/wp-json\/wp\/v2\/users\/24"}],"replies":[{"embeddable":true,"href":"https:\/\/lefrancophile.com\/fr\/wp-json\/wp\/v2\/comments?post=20140"}],"version-history":[{"count":10,"href":"https:\/\/lefrancophile.com\/fr\/wp-json\/wp\/v2\/pages\/20140\/revisions"}],"predecessor-version":[{"id":20258,"href":"https:\/\/lefrancophile.com\/fr\/wp-json\/wp\/v2\/pages\/20140\/revisions\/20258"}],"wp:attachment":[{"href":"https:\/\/lefrancophile.com\/fr\/wp-json\/wp\/v2\/media?parent=20140"}],"curies":[{"name":"wp","href":"https:\/\/api.w.org\/{rel}","templated":true}]}}