{"id":18500,"date":"2023-03-18T07:52:33","date_gmt":"2023-03-18T06:52:33","guid":{"rendered":"https:\/\/lefrancophile.com\/politique-en-matiere-de-cookies\/"},"modified":"2025-11-25T06:12:59","modified_gmt":"2025-11-25T05:12:59","slug":"politique-en-matiere-de-cookies","status":"publish","type":"page","link":"https:\/\/lefrancophile.com\/fr\/politique-en-matiere-de-cookies\/","title":{"rendered":"POLITIQUE EN MATI\u00c8RE DE COOKIES"},"content":{"rendered":"<div class=\"cli_pg_page_contaner\">\n<h3>\u00c0 propos de cette politique en mati\u00e8re de cookies<\/h3>\n<div>\n<p>La pr\u00e9sente politique en mati\u00e8re de cookies explique ce que sont les cookies et comment nous les utilisons, les types de cookies que nous utilisons, c&#8217;est-\u00e0-dire les informations que nous collectons \u00e0 l&#8217;aide des cookies et la mani\u00e8re dont ces informations sont utilis\u00e9es, ainsi que la mani\u00e8re de contr\u00f4ler les pr\u00e9f\u00e9rences en mati\u00e8re de cookies. Pour de plus amples informations sur la mani\u00e8re dont nous utilisons, stockons et s\u00e9curisons vos donn\u00e9es personnelles, consultez notre politique de confidentialit\u00e9. <\/p>\n<p>Vous pouvez \u00e0 tout moment modifier ou retirer votre consentement de la D\u00e9claration sur les cookies sur notre site web<br \/>\nPour en savoir plus sur qui nous sommes, comment vous pouvez nous contacter et comment nous traitons les donn\u00e9es personnelles, consultez notre Politique de confidentialit\u00e9.<br \/>\nVotre consentement s&#8217;applique aux domaines suivants : lefrancophile.com<br \/>\n<div class=\"cli_user_consent_state\">Votre \u00e9tat actuel : Aucun consentement n'a \u00e9t\u00e9 donn\u00e9. <a class=\"cli_manage_current_consent\" style=\"cursor:pointer;text-decoration:underline;\">G\u00e9rer votre consentement.<\/a> <\/div><\/p>\n<\/div>\n<h3>Qu&#8217;est-ce qu&#8217;un cookie ?<\/h3>\n<div>Les cookies sont de petits fichiers texte utilis\u00e9s pour stocker de petits \u00e9l\u00e9ments d&#8217;information. Ils sont stock\u00e9s sur votre appareil lorsque le site web est charg\u00e9 sur votre navigateur. Ces cookies nous aident \u00e0 faire fonctionner le site web correctement, \u00e0 le rendre plus s\u00fbr, \u00e0 fournir une meilleure exp\u00e9rience \u00e0 l&#8217;utilisateur, \u00e0 comprendre comment le site web fonctionne et \u00e0 analyser ce qui fonctionne et ce qui doit \u00eatre am\u00e9lior\u00e9.  <\/div>\n<h3>Comment utilisons-nous les cookies ?<\/h3>\n<div>\n<p>Comme la plupart des services en ligne, notre site web utilise des cookies de premi\u00e8re partie et de tierce partie \u00e0 plusieurs fins. Les cookies de premi\u00e8re partie sont essentiellement n\u00e9cessaires au bon fonctionnement du site web et ne collectent aucune de vos donn\u00e9es personnelles identifiables. <\/p>\n<p>Les cookies tiers utilis\u00e9s sur notre site web servent principalement \u00e0 comprendre comment le site web fonctionne, comment vous interagissez avec notre site web, \u00e0 assurer la s\u00e9curit\u00e9 de nos services, \u00e0 fournir des publicit\u00e9s pertinentes pour vous et, dans l&#8217;ensemble, \u00e0 vous offrir une exp\u00e9rience utilisateur meilleure et am\u00e9lior\u00e9e et \u00e0 acc\u00e9l\u00e9rer vos interactions futures avec notre site web.<\/p>\n<\/div>\n<h3>Quels types de cookies utilisons-nous ?<\/h3>\n<div>\n<p>Essentiel : Certains cookies sont essentiels pour que vous puissiez b\u00e9n\u00e9ficier de toutes les fonctionnalit\u00e9s de notre site. Ils nous permettent de maintenir les sessions des utilisateurs et de pr\u00e9venir toute menace pour la s\u00e9curit\u00e9. Ils ne collectent ni ne stockent aucune information personnelle. Par exemple, ces cookies vous permettent de vous connecter \u00e0 votre compte, d&#8217;ajouter des produits \u00e0 votre panier et de r\u00e9gler vos achats en toute s\u00e9curit\u00e9.   <\/p>\n<p>Statistiques : Ces cookies stockent des informations telles que le nombre de visiteurs sur le site web, le nombre de visiteurs uniques, les pages du site web qui ont \u00e9t\u00e9 visit\u00e9es, la source de la visite, etc. Ces donn\u00e9es nous aident \u00e0 comprendre et \u00e0 analyser les performances du site web et les points \u00e0 am\u00e9liorer. <\/p>\n<p>Marketing : Notre site web affiche des publicit\u00e9s. Ces cookies sont utilis\u00e9s pour personnaliser les publicit\u00e9s que nous vous montrons afin qu&#8217;elles soient significatives pour vous. Ces cookies nous aident \u00e9galement \u00e0 suivre l&#8217;efficacit\u00e9 de ces campagnes publicitaires.<br \/>\nLes informations stock\u00e9es dans ces cookies peuvent \u00e9galement \u00eatre utilis\u00e9es par les fournisseurs de publicit\u00e9 tiers pour vous montrer des publicit\u00e9s sur d&#8217;autres sites web sur le navigateur \u00e9galement.  <\/p>\n<p>Fonctionnel : Il s&#8217;agit des cookies qui facilitent certaines fonctionnalit\u00e9s non essentielles de notre site web. Ces fonctionnalit\u00e9s comprennent l&#8217;int\u00e9gration de contenus tels que des vid\u00e9os ou le partage de contenus du site web sur des plateformes de m\u00e9dias sociaux. <\/p>\n<p>Pr\u00e9f\u00e9rences : Ces cookies nous aident \u00e0 m\u00e9moriser vos param\u00e8tres et pr\u00e9f\u00e9rences de navigation, comme les pr\u00e9f\u00e9rences linguistiques, afin de vous offrir une exp\u00e9rience meilleure et plus efficace lors de vos prochaines visites sur le site web.<br \/>\n<p>La liste ci-dessous d\u00e9taille les cookies utilis\u00e9s sur notre site web.<\/p><table class=\"cookielawinfo-row-cat-table cookielawinfo-classic\"><thead><tr><th class=\"cookielawinfo-column-1\">Cookie<\/th><th class=\"cookielawinfo-column-4\">Description<\/th><\/tr><\/thead><tbody><tr class=\"cookielawinfo-row\"><td class=\"cookielawinfo-column-1\">case \u00e0 cocher n\u00e9cessaire pour le droit de la concurrence<\/td><td class=\"cookielawinfo-column-4\">Ce cookie est d\u00e9fini par le plugin GDPR Cookie Consent. Il est utilis\u00e9 pour stocker le consentement de l'utilisateur pour les cookies de la cat\u00e9gorie \"N\u00e9cessaire\". <\/td><\/tr><tr class=\"cookielawinfo-row\"><td class=\"cookielawinfo-column-1\">cookielawinfo-checkbox-analytics<\/td><td class=\"cookielawinfo-column-4\">Ce cookie est d\u00e9fini par le plugin GDPR Cookie Consent. Ce cookie est utilis\u00e9 pour stocker le consentement de l'utilisateur pour les cookies de la cat\u00e9gorie \"Analytics\". <\/td><\/tr><tr class=\"cookielawinfo-row\"><td class=\"cookielawinfo-column-1\">cookielawinfo-checkbox-autres<\/td><td class=\"cookielawinfo-column-4\">Ce cookie est d\u00e9fini par le plugin GDPR Cookie Consent. Ce cookie est utilis\u00e9 pour stocker le consentement de l'utilisateur pour les cookies de la cat\u00e9gorie \"Autres\". <\/td><\/tr><tr class=\"cookielawinfo-row\"><td class=\"cookielawinfo-column-1\">cookielawinfo-checkbox-fonctionnel<\/td><td class=\"cookielawinfo-column-4\">Le cookie est d\u00e9fini par le GDPR cookie consent pour enregistrer le consentement de l'utilisateur pour les cookies de la cat\u00e9gorie \"Fonctionnel\".<\/td><\/tr><tr class=\"cookielawinfo-row\"><td class=\"cookielawinfo-column-1\">cookielawinfo-checkbox-performance<\/td><td class=\"cookielawinfo-column-4\">Ce cookie est d\u00e9fini par le plugin GDPR Cookie Consent. Ce cookie est utilis\u00e9 pour stocker le consentement de l'utilisateur pour les cookies de la cat\u00e9gorie \"Performance\". <\/td><\/tr><tr class=\"cookielawinfo-row\"><td class=\"cookielawinfo-column-1\">politique_cookie_vu<\/td><td class=\"cookielawinfo-column-4\">Le cookie est d\u00e9fini par le plugin GDPR Cookie Consent et est utilis\u00e9 pour enregistrer si l'utilisateur a consenti ou non \u00e0 l'utilisation de cookies. Il ne stocke aucune donn\u00e9e personnelle. <\/td><\/tr><\/tbody><\/table><\/p>\n<\/div>\n<h3>Comment puis-je contr\u00f4ler les pr\u00e9f\u00e9rences en mati\u00e8re de cookies ?<\/h3>\n<div>\n<p>Si vous d\u00e9cidez de modifier vos pr\u00e9f\u00e9rences plus tard au cours de votre session de navigation, vous pouvez cliquer sur l&#8217;onglet \"G\u00e9rer le consentement\" sur votre \u00e9cran. L&#8217;avis de consentement s&#8217;affichera \u00e0 nouveau, ce qui vous permettra de modifier vos pr\u00e9f\u00e9rences ou de retirer enti\u00e8rement votre consentement. <\/p>\n<p>En outre, les navigateurs proposent des m\u00e9thodes diff\u00e9rentes pour bloquer et supprimer les cookies utilis\u00e9s par les sites web. Vous pouvez modifier les param\u00e8tres de votre navigateur pour bloquer\/supprimer les cookies. Pour en savoir plus sur la gestion et la suppression des cookies, consultez le site wikipedia.org, www.allaboutcookies.org.  <\/p>\n<\/div>\n<p class=\"powered_by_p\" style=\"width:100% !important; display:block !important; color:#333; clear:both; font-style:italic !important; font-size:12px !important; margin-top:15px !important;\">Powered By <a href=\"https:\/\/www.cookieyes.com\/\" class=\"powered_by_a\" style=\"color:#333; font-weight:600 !important; font-size:12px !important;\">CookieYes<\/a><\/p>\n<\/div>\n","protected":false},"excerpt":{"rendered":"<p>\u00c0 propos de cette politique en mati\u00e8re de cookies La pr\u00e9sente politique en mati\u00e8re de cookies explique ce que sont les cookies et comment nous les utilisons, les types de cookies que nous utilisons, c&#8217;est-\u00e0-dire les informations que nous collectons \u00e0 l&#8217;aide des cookies et la mani\u00e8re dont ces informations sont utilis\u00e9es, ainsi que la [&hellip;]<\/p>\n","protected":false},"author":24,"featured_media":0,"parent":0,"menu_order":0,"comment_status":"closed","ping_status":"closed","template":"","meta":{"inline_featured_image":false,"footnotes":""},"class_list":["post-18500","page","type-page","status-publish"],"aioseo_notices":[],"_links":{"self":[{"href":"https:\/\/lefrancophile.com\/fr\/wp-json\/wp\/v2\/pages\/18500","targetHints":{"allow":["GET"]}}],"collection":[{"href":"https:\/\/lefrancophile.com\/fr\/wp-json\/wp\/v2\/pages"}],"about":[{"href":"https:\/\/lefrancophile.com\/fr\/wp-json\/wp\/v2\/types\/page"}],"author":[{"embeddable":true,"href":"https:\/\/lefrancophile.com\/fr\/wp-json\/wp\/v2\/users\/24"}],"replies":[{"embeddable":true,"href":"https:\/\/lefrancophile.com\/fr\/wp-json\/wp\/v2\/comments?post=18500"}],"version-history":[{"count":0,"href":"https:\/\/lefrancophile.com\/fr\/wp-json\/wp\/v2\/pages\/18500\/revisions"}],"wp:attachment":[{"href":"https:\/\/lefrancophile.com\/fr\/wp-json\/wp\/v2\/media?parent=18500"}],"curies":[{"name":"wp","href":"https:\/\/api.w.org\/{rel}","templated":true}]}}