{"id":18477,"date":"2014-11-26T23:27:21","date_gmt":"2014-11-26T22:27:21","guid":{"rendered":"https:\/\/lefrancophile.com\/politique-de-confidentialite\/"},"modified":"2026-02-10T16:38:58","modified_gmt":"2026-02-10T15:38:58","slug":"politique-de-confidentialite","status":"publish","type":"page","link":"https:\/\/lefrancophile.com\/fr\/politique-de-confidentialite\/","title":{"rendered":"POLITIQUE DE CONFIDENTIALIT\u00c9"},"content":{"rendered":"<p><!--NoAds--><br \/>\n<strong>LeFrancophile<\/strong> prend votre vie priv\u00e9e au s\u00e9rieux. Cette politique de confidentialit\u00e9 d\u00e9crit les informations personnelles que nous recueillons et la mani\u00e8re dont nous les utilisons. <\/p>\n<h3>Collecte d&#8217;informations de routine<\/h3>\n<p>Tous les serveurs web recueillent des informations de base sur leurs visiteurs. Ces informations comprennent, sans s&#8217;y limiter, les adresses IP, les d\u00e9tails du navigateur, les horodatages et les pages de r\u00e9f\u00e9rence. Aucune de ces informations ne permet d&#8217;identifier personnellement les visiteurs de ce site. Ces informations sont collect\u00e9es \u00e0 des fins d&#8217;administration et de maintenance de routine.   <\/p>\n<h3>Cookies et balises web<\/h3>\n<p>Lorsque cela est n\u00e9cessaire, LeFrancophile utilise des cookies pour stocker des informations sur les pr\u00e9f\u00e9rences et l&#8217;historique d&#8217;un visiteur afin de mieux le servir et\/ou de lui pr\u00e9senter un contenu personnalis\u00e9.<\/p>\n<p>Les partenaires publicitaires et autres tiers peuvent \u00e9galement utiliser des cookies, des scripts et\/ou des balises web pour suivre les visiteurs de notre site afin d&#8217;afficher des publicit\u00e9s et d&#8217;autres informations utiles. Ce suivi est effectu\u00e9 directement par les tiers via leurs propres serveurs et est soumis \u00e0 leurs propres politiques de confidentialit\u00e9. <\/p>\n<p style=\"text-align: center;\"><a title=\"POLITIQUE EN MATI\u00c8RE DE COOKIES\" href=\"https:\/\/lefrancophile.com\/fr\/politique-en-matiere-de-cookies\/\">CLIQUEZ ICI POUR OBTENIR DES INFORMATIONS D\u00c9TAILL\u00c9ES SUR NOTRE POLITIQUE EN MATI\u00c8RE DE COOKIES<\/a><\/p>\n<h3>Contr\u00f4ler votre vie priv\u00e9e<\/h3>\n<p>Notez que vous pouvez modifier les param\u00e8tres de votre navigateur pour d\u00e9sactiver les cookies si vous avez des pr\u00e9occupations en mati\u00e8re de vie priv\u00e9e. Il n&#8217;est pas recommand\u00e9 de d\u00e9sactiver les cookies pour tous les sites, car cela pourrait nuire \u00e0 votre utilisation de certains sites. La meilleure solution est de d\u00e9sactiver ou d&#8217;activer les cookies site par site. Consultez la documentation de votre navigateur pour savoir comment bloquer les cookies et autres m\u00e9canismes de suivi.   <\/p>\n<h3>Note sp\u00e9ciale sur la publicit\u00e9 Google<\/h3>\n<p>Les publicit\u00e9s diffus\u00e9es par Google, Inc. et ses soci\u00e9t\u00e9s affili\u00e9es peuvent \u00eatre contr\u00f4l\u00e9es \u00e0 l&#8217;aide de cookies. Ces cookies permettent \u00e0 Google d&#8217;afficher des annonces en fonction de vos visites sur ce site et sur d&#8217;autres sites utilisant les services publicitaires de Google. D\u00e9couvrez comment <a href=\"http:\/\/www.google.com\/privacy_ads.html\">d\u00e9sactiver l&#8217;utilisation des cookies par Google<\/a>. Comme indiqu\u00e9 ci-dessus, tout suivi effectu\u00e9 par Google au moyen de cookies et d&#8217;autres m\u00e9canismes est soumis aux r\u00e8gles de confidentialit\u00e9 de Google.   <\/p>\n<h3><a title=\"Divulgation de l'affiliation\" href=\"https:\/\/lefrancophile.com\/fr\/divulgation-de-laffiliation\/\">Divulgation de l&#8217;affiliation<\/a><\/h3>\n<p>Veuillez consulter notre page de divulgation des affiliations pour plus de d\u00e9tails.<\/p>\n<h3>Informations sur le contact<\/h3>\n<p>Si vous avez des inqui\u00e9tudes ou des questions concernant cette politique de confidentialit\u00e9, vous pouvez les adresser \u00e0 admin@lefrancophile.com pour obtenir des \u00e9claircissements.<\/p>\n<h2>Mentions L\u00e9gales<\/h2>\n<p><strong>Votre vie priv\u00e9e<\/strong><\/p>\n<p>Votre vie priv\u00e9e est importante pour nous. Pour mieux prot\u00e9ger votre vie priv\u00e9e, nous mettons \u00e0 votre disposition cette notice expliquant notre politique d&#8217;information enligne et les choix dont vous disposez concernant la fa\u00e7on dont vos informations personnelles sont collect\u00e9es et utilis\u00e9es. Pour que cette notice soit facile d&#8217;acc\u00e8s, nous la mettons disponible sur la page d&#8217;accueil et l\u00e0 o\u00f9 toute information personnelle pourrait \u00eatre requise.  <\/p>\n<p><strong>Google Adsense et le cookie DoubleClick DART<\/strong><\/p>\n<p>Le vendeur de publicit\u00e9 Google utilise des \" cookies \" pour servir les annonces sur ce site. L&#8217;utilisation des cookies DART par Google permet \u00e0 celui-ci de distribuer des annonces bas\u00e9es sur vos visites sur ce site mais aussi sur tous les autres sites du web. <\/p>\n<p>Pour vous d\u00e9tacher des cookies DART, vous pouvez visiter le site du r\u00e9seau de publicit\u00e9 de Google \u00e0 l&#8217;adresse suivante : <a href=\"http:\/\/www.google.com\/privacy_ads.html\">http:\/\/www.google.com\/privacy_ads.html<\/a> Le suivi des utilisateurs \u00e0 travers le cookie DART est sujet aux politiques de vie priv\u00e9e de Google.<\/p>\n<p>D&#8217;autres distributeurs de publicit\u00e9 peuvent utiliser les cookies pour suivre les activit\u00e9s des utilisateurs de notre site web pour mesurer diff\u00e9rentes choses comme le ciblage des publicit\u00e9 et l&#8217;efficacit\u00e9 de celle-ci et autres raisons qu&#8217;ils-m\u00eame stipulent dans leurs politiques de vie priv\u00e9e respectives. lefrancophile.com n&#8217;a aucun contr\u00f4le sur ces cookies. <\/p>\n<p style=\"text-align: center;\"><a title=\"POLITIQUE EN MATI\u00c8RE DE COOKIES\" href=\"https:\/\/lefrancophile.com\/fr\/politique-en-matiere-de-cookies\/\">CLIQUEZ ICI POUR DES INFORMATIONS D\u00c9TAILL\u00c9ES SUR NOTRE POLITIQUE EN MATI\u00c8RE DE COOKIES<\/a><\/p>\n<p><strong>Collecte de Renseignements Personnels<\/strong><\/p>\n<p>En visitant lefrancophile.com, l&#8217;adresse IP utilis\u00e9e pour acc\u00e9der au site sera renseign\u00e9e ainsi que la date et l&#8217;heure d&#8217;acc\u00e8s. Cette information est utilis\u00e9e purement pour analyser les tendances, les mouvements des visiteurs et aussi les informations d\u00e9mographiques pour utilisation interne seulement. Le plus important \u00e0 savoir est que les adresses IP enregistr\u00e9es ne sont jamais li\u00e9es \u00e0 des informations personnelles identifiables.<\/p>\n<p><strong>Liens vers des sites externes<\/strong><\/p>\n<p>Nous (LeFrancophile) avons inclus des liens externes sur ce site pour vos usages et r\u00e9f\u00e9rences. Nous ne sommes pas responsables des politiques de vie priv\u00e9e sur ces sites ni sur la qualit\u00e9 des produits offerts sur ces sites. Vous devez comprendre que les politiques de vie priv\u00e9e de ces sites peuvent \u00eatre diff\u00e9rentes des n\u00f4tres. Ces liens peuvent aussi \u00eatre associ\u00e9s \u00e0 un code d&#8217;affiliation et vous acceptez que LeFrancophile re\u00e7oive une compensation mon\u00e9taire en \u00e9change de sa r\u00e9f\u00e9rence si vous effectuez un achat sur ces sites r\u00e9f\u00e9r\u00e9s. LeFrancophile ne peut en aucun cas \u00eatre tenu responsable pour tout litige entre vous et ces sites ext\u00e9rieurs. Nous vous recommandons la vigilance habituelle pour le web.<\/p>\n<p><strong>Changements \u00e0 cette politique de vie priv\u00e9e<\/strong><\/p>\n<p>Le contenu de cette d\u00e9claration peut \u00eatre chang\u00e9 \u00e0 notre discr\u00e9tion.<\/p>\n<p>Si vous avez quelques questions que ce soit au sujet de la d\u00e9claration de vie priv\u00e9e de lefrancophile.com, vous pouvez nous contacter en tout temps \u00e0 admin[@]lefrancophile.com ou en utilisant le formulaire de contact<\/p>\n","protected":false},"excerpt":{"rendered":"<p>LeFrancophile prend votre vie priv\u00e9e au s\u00e9rieux. Cette politique de confidentialit\u00e9 d\u00e9crit les informations personnelles que nous recueillons et la mani\u00e8re dont nous les utilisons. Collecte d&#8217;informations de routine Tous les serveurs web recueillent des informations de base sur leurs visiteurs. Ces informations comprennent, sans s&#8217;y limiter, les adresses IP, les d\u00e9tails du navigateur, les [&hellip;]<\/p>\n","protected":false},"author":24,"featured_media":0,"parent":0,"menu_order":0,"comment_status":"closed","ping_status":"closed","template":"","meta":{"inline_featured_image":false,"footnotes":""},"class_list":["post-18477","page","type-page","status-publish"],"aioseo_notices":[],"_links":{"self":[{"href":"https:\/\/lefrancophile.com\/fr\/wp-json\/wp\/v2\/pages\/18477","targetHints":{"allow":["GET"]}}],"collection":[{"href":"https:\/\/lefrancophile.com\/fr\/wp-json\/wp\/v2\/pages"}],"about":[{"href":"https:\/\/lefrancophile.com\/fr\/wp-json\/wp\/v2\/types\/page"}],"author":[{"embeddable":true,"href":"https:\/\/lefrancophile.com\/fr\/wp-json\/wp\/v2\/users\/24"}],"replies":[{"embeddable":true,"href":"https:\/\/lefrancophile.com\/fr\/wp-json\/wp\/v2\/comments?post=18477"}],"version-history":[{"count":3,"href":"https:\/\/lefrancophile.com\/fr\/wp-json\/wp\/v2\/pages\/18477\/revisions"}],"predecessor-version":[{"id":20202,"href":"https:\/\/lefrancophile.com\/fr\/wp-json\/wp\/v2\/pages\/18477\/revisions\/20202"}],"wp:attachment":[{"href":"https:\/\/lefrancophile.com\/fr\/wp-json\/wp\/v2\/media?parent=18477"}],"curies":[{"name":"wp","href":"https:\/\/api.w.org\/{rel}","templated":true}]}}