{"id":13089,"date":"2022-11-20T20:24:29","date_gmt":"2022-11-20T19:24:29","guid":{"rendered":"https:\/\/lefrancophile.com\/divulgation-de-laffiliation\/"},"modified":"2025-11-25T06:12:58","modified_gmt":"2025-11-25T05:12:58","slug":"divulgation-de-laffiliation","status":"publish","type":"page","link":"https:\/\/lefrancophile.com\/fr\/divulgation-de-laffiliation\/","title":{"rendered":"DIVULGATION DE L&#8217;AFFILIATION"},"content":{"rendered":"<h1><strong>DIVULGATION DE L&#8217;AFFILIATION<\/strong><\/h1>\n<p style=\"text-align: justify;\"><span style=\"font-size: 14pt; color: #002654;\">Le marketing d&#8217;affiliation est une pratique largement r\u00e9pandue. Il s&#8217;agit de renvoyer les lecteurs d&#8217;un site web, d&#8217;un blog ou d&#8217;un compte de m\u00e9dias sociaux vers un produit ou un service. Les fournisseurs de produits ou de services peuvent verser une commission au site r\u00e9f\u00e9rent.<\/span><\/p>\n<p style=\"text-align: justify;\"><span style=\"font-size: 14pt; color: #002654;\">Nous utilisons des liens affili\u00e9s pour soutenir le fonctionnement de Lefrancophile.  <\/span><\/p>\n<p style=\"text-align: justify;\"><span style=\"font-size: 14pt; color: #002654;\">Il se peut que nous recevions une petite commission si vous cliquez sur l&#8217;un de ces liens.<\/span><\/p>\n<p style=\"text-align: justify;\"><span style=\"font-size: 14pt; color: #002654;\">Il se peut que nous gagnions un peu plus si vous cliquez sur l&#8217;un de ces liens et effectuez un achat.<\/span><\/p>\n<p style=\"text-align: justify;\"><span style=\"font-size: 14pt; color: #002654;\">Cela n&#8217;a pas d&#8217;incidence sur le prix que vous payez. Ce serait la m\u00eame chose que si vous aviez effectu\u00e9 l&#8217;achat sans suivre le lien.<\/span><\/p>\n<p style=\"text-align: justify;\"><span style=\"font-size: 14pt; color: #002654;\">Nous sommes tr\u00e8s attentifs aux produits et services que nous recommandons et ne faisons la promotion que de ceux que nous jugeons appropri\u00e9s, qui offrent une valeur ajout\u00e9e ou que nous avons utilis\u00e9s nous-m\u00eames.<\/span><\/p>\n<p style=\"text-align: justify;\"><span style=\"font-size: 14pt; color: #002654;\">Nous ne recevons aucune r\u00e9mun\u00e9ration pour nos commentaires et les opinions exprim\u00e9es sont v\u00e9ridiques et libres de toute influence.<\/span><\/p>\n<p style=\"text-align: justify;\"><span style=\"font-size: 14pt; color: #002654;\">En outre, nous ne recevons aucune commission pour les liens vers des \u00e9tablissements d&#8217;enseignement, des services gouvernementaux ou des informations.<\/span><\/p>\n<p style=\"text-align: justify;\"><span style=\"font-size: 14pt; color: #002654;\">Google d\u00e9cide des annonces \u00e0 diffuser sur notre site en fonction de vos pr\u00e9f\u00e9rences. Avec Google Ads, nous excluons les cat\u00e9gories d&#8217;annonces qui ne sont pas pertinentes pour nos lecteurs, ainsi que les produits et services inappropri\u00e9s. Consultez notre politique de confidentialit\u00e9 <a title=\"Politique de confidentialit\u00e9\" href=\"https:\/\/lefrancophile.com\/fr\/politique-de-confidentialite\/\">ici<\/a>.<\/span><\/p>\n<p style=\"text-align: justify;\"><span style=\"font-size: 14pt; color: #002654;\">Dans cette optique, vous devez supposer que tous les liens vers des produits ou des services sont des liens d&#8217;affiliation et faire preuve de diligence raisonnable avant d&#8217;effectuer un achat.<\/span><\/p>\n<p style=\"text-align: justify;\"><span style=\"font-size: 14pt; color: #002654;\">Nous n&#8217;offrons aucun conseil financier, m\u00e9dical, juridique ou psychologique. Nous pouvons \u00e9tablir un lien avec un professionnel dont les services ont \u00e9t\u00e9 utilis\u00e9s par nos lecteurs ou par nous-m\u00eames. N\u00e9anmoins, vous devez s\u00e9rieusement vous renseigner sur les services dont vous avez besoin.<\/span><br \/>\n<span style=\"font-size: 14pt; color: #002654;\">Les liens vers des artisans ou des fabricants sont soumis \u00e0 la m\u00eame condition.<\/span><\/p>\n<p>&nbsp;<\/p>\n<p>&nbsp;<\/p>\n<h1 style=\"text-align: justify;\"><strong><span style=\"font-size: 24pt;\">DIVULGATION DES AFFILI\u00c9S<\/span><\/strong><\/h1>\n<p style=\"text-align: justify;\"><span style=\"font-size: 14pt; color: #002654;\">Le marketing d&#8217;affiliation est une pratique largement utilis\u00e9e. Cela implique de renvoyer un visiteur vers un site Web, un blog ou un compte de r\u00e9seau social vers un produit ou un service. Les fournisseurs de produits ou de services peuvent verser une commission au site r\u00e9f\u00e9rent.<\/span><\/p>\n<p style=\"text-align: justify;\"><span style=\"font-size: 14pt; color: #002654;\">Nous utilisons des liens d&#8217;affiliation pour soutenir le fonctionnement de Lefrancophile.<\/span><\/p>\n<p style=\"text-align: justify;\"><span style=\"font-size: 14pt; color: #002654;\">Nous pourrions gagner une petite commission si vous cliquez sur l&#8217;un de ces liens.<\/span><\/p>\n<p style=\"text-align: justify;\"><span style=\"font-size: 14pt; color: #002654;\">Nous pourrions gagner un peu plus si vous cliquez sur l&#8217;un de ces liens et effectuez un achat.<\/span><\/p>\n<p style=\"text-align: justify;\"><span style=\"font-size: 14pt; color: #002654;\">Cela n&#8217;affecte pas le prix que vous payez. Ce serait la m\u00eame chose que si vous aviez effectu\u00e9 l&#8217;achat sans suivre le lien.<\/span><\/p>\n<p style=\"text-align: justify;\"><span style=\"font-size: 14pt; color: #002654;\">Nous faisons attention aux produits ou services que nous recommandons et ne promouvons que ceux que nous consid\u00e9rons appropri\u00e9s, offrant une valeur ou que nous avons utilis\u00e9s nous-m\u00eames.<\/span><\/p>\n<p style=\"text-align: justify;\"><span style=\"font-size: 14pt; color: #002654;\">Nous ne recevons aucun paiement d&#8217;aucune sorte pour les avis, et les opinions exprim\u00e9es sont v\u00e9ridiques et libres d&#8217;influence.<\/span><\/p>\n<p style=\"text-align: justify;\"><span style=\"font-size: 14pt; color: #002654;\">De plus, nous ne recevons pas de commissions sur les liens vers des \u00e9tablissements d&#8217;enseignement, des services gouvernementaux ou des informations.<\/span><\/p>\n<p style=\"text-align: justify;\"><span style=\"font-size: 14pt; color: #002654;\">Google d\u00e9cide des annonces \u00e0 placer sur notre site en fonction de vos pr\u00e9f\u00e9rences. Avec Google Ads, nous excluons les cat\u00e9gories d&#8217;annonces qui ne sont pas pertinentes pour nos lecteurs et tous les produits ou services inadapt\u00e9s. Consultez notre politique de confidentialit\u00e9<a title=\"Politique de confidentialit\u00e9\" href=\"https:\/\/lefrancophile.com\/fr\/politique-de-confidentialite\/\"> ici<\/a>.<\/span><\/p>\n<p style=\"text-align: justify;\"><span style=\"font-size: 14pt; color: #002654;\">Dans cet esprit, vous devez supposer que tous les liens vers des produits ou services sont des liens d&#8217;affiliation et faire preuve de diligence raisonnable avant d&#8217;effectuer un achat.<\/span><\/p>\n<p style=\"text-align: justify;\"><span style=\"font-size: 14pt; color: #002654;\">Nous n&#8217;offrons aucun conseil financier, m\u00e9dical, juridique ou psychologique. Nous pouvons \u00e9tablir un lien avec un professionnel dont nos lecteurs ou nous-m\u00eames avons peut-\u00eatre utilis\u00e9 les services. Pourtant, s\u00e9rieusement, vous devez rechercher l&#8217;un de ces services dont vous avez besoin.<\/span><br \/>\n<span style=\"font-size: 14pt; color: #002654;\">Les liens vers des artisans ou des fabricants portent la m\u00eame condition.<\/span><\/p>\n","protected":false},"excerpt":{"rendered":"<p>DIVULGATION DE L&#8217;AFFILIATION Le marketing d&#8217;affiliation est une pratique largement r\u00e9pandue. Il s&#8217;agit de renvoyer les lecteurs d&#8217;un site web, d&#8217;un blog ou d&#8217;un compte de m\u00e9dias sociaux vers un produit ou un service. Les fournisseurs de produits ou de services peuvent verser une commission au site r\u00e9f\u00e9rent. Nous utilisons des liens affili\u00e9s pour soutenir [&hellip;]<\/p>\n","protected":false},"author":24,"featured_media":0,"parent":0,"menu_order":0,"comment_status":"closed","ping_status":"closed","template":"","meta":{"inline_featured_image":false,"footnotes":""},"class_list":["post-13089","page","type-page","status-publish"],"aioseo_notices":[],"_links":{"self":[{"href":"https:\/\/lefrancophile.com\/fr\/wp-json\/wp\/v2\/pages\/13089","targetHints":{"allow":["GET"]}}],"collection":[{"href":"https:\/\/lefrancophile.com\/fr\/wp-json\/wp\/v2\/pages"}],"about":[{"href":"https:\/\/lefrancophile.com\/fr\/wp-json\/wp\/v2\/types\/page"}],"author":[{"embeddable":true,"href":"https:\/\/lefrancophile.com\/fr\/wp-json\/wp\/v2\/users\/24"}],"replies":[{"embeddable":true,"href":"https:\/\/lefrancophile.com\/fr\/wp-json\/wp\/v2\/comments?post=13089"}],"version-history":[{"count":0,"href":"https:\/\/lefrancophile.com\/fr\/wp-json\/wp\/v2\/pages\/13089\/revisions"}],"wp:attachment":[{"href":"https:\/\/lefrancophile.com\/fr\/wp-json\/wp\/v2\/media?parent=13089"}],"curies":[{"name":"wp","href":"https:\/\/api.w.org\/{rel}","templated":true}]}}